{"id":493,"date":"2023-06-26T08:45:19","date_gmt":"2023-06-26T13:45:19","guid":{"rendered":"https:\/\/www.jmjatlanta.com\/?page_id=493"},"modified":"2023-08-06T16:56:33","modified_gmt":"2023-08-06T21:56:33","slug":"productos","status":"publish","type":"page","link":"https:\/\/www.jmjatlanta.com\/index.php\/productos\/","title":{"rendered":"Productos"},"content":{"rendered":"\n<div class=\"wp-block-cover aligncenter is-light\"><span aria-hidden=\"true\" class=\"wp-block-cover__background has-background-dim-0 has-background-dim\"><\/span><img fetchpriority=\"high\" decoding=\"async\" width=\"851\" height=\"439\" src=\"https:\/\/www.jmjatlanta.com\/wp-content\/uploads\/2023\/07\/UpperLeftClean.png\" class=\"wp-block-cover__image-background wp-post-image\" alt=\"\" data-object-fit=\"cover\" data-object-position=\"49% 49%\" style=\"object-position:49% 49%;\" srcset=\"https:\/\/www.jmjatlanta.com\/wp-content\/uploads\/2023\/07\/UpperLeftClean.png 851w, https:\/\/www.jmjatlanta.com\/wp-content\/uploads\/2023\/07\/UpperLeftClean-300x155.png 300w, https:\/\/www.jmjatlanta.com\/wp-content\/uploads\/2023\/07\/UpperLeftClean-768x396.png 768w\" sizes=\"(max-width: 851px) 100vw, 851px\" \/><div class=\"wp-block-cover__inner-container is-layout-flow wp-block-cover-is-layout-flow\">\n<h1 class=\"wp-block-heading has-text-align-center has-x-large-font-size\">Brinde a sus clientes acceso al mercado Latinex<\/h1>\n<\/div><\/div>\n\n\n\n<h1 class=\"wp-block-heading has-link-color wp-elements-d25fdf38b11f9d0824ab9fad47649161\"><a href=\"\/index.php\/embark_es\"><img decoding=\"async\" width=\"50\" height=\"50\" class=\"wp-image-443\" style=\"width: 50px;\" src=\"https:\/\/www.jmjatlanta.com\/wp-content\/uploads\/2023\/05\/JMJAtlantaLogo.png\" alt=\"\" srcset=\"https:\/\/www.jmjatlanta.com\/wp-content\/uploads\/2023\/05\/JMJAtlantaLogo.png 259w, https:\/\/www.jmjatlanta.com\/wp-content\/uploads\/2023\/05\/JMJAtlantaLogo-150x150.png 150w, https:\/\/www.jmjatlanta.com\/wp-content\/uploads\/2023\/05\/JMJAtlantaLogo-100x100.png 100w\" sizes=\"(max-width: 50px) 100vw, 50px\" \/><\/a>  <a href=\"\/index.php\/embark_es\">Embark<\/a><\/h1>\n\n\n\n<p class=\"has-white-background-color has-background\">Paquete de procesos comerciales (BPM) y relaci\u00f3n con el cliente (CRM) para corretaje.<\/p>\n\n\n\n<h1 class=\"wp-block-heading has-white-color has-text-color has-link-color wp-elements-416f0eecaabf691a745698e0e11b8e7f\"><a href=\"\/index.php\/corredor-movil_es\"><img decoding=\"async\" width=\"50\" height=\"50\" class=\"wp-image-443\" style=\"width: 50px;\" src=\"https:\/\/www.jmjatlanta.com\/wp-content\/uploads\/2023\/05\/JMJAtlantaLogo.png\" alt=\"\" srcset=\"https:\/\/www.jmjatlanta.com\/wp-content\/uploads\/2023\/05\/JMJAtlantaLogo.png 259w, https:\/\/www.jmjatlanta.com\/wp-content\/uploads\/2023\/05\/JMJAtlantaLogo-150x150.png 150w, https:\/\/www.jmjatlanta.com\/wp-content\/uploads\/2023\/05\/JMJAtlantaLogo-100x100.png 100w\" sizes=\"(max-width: 50px) 100vw, 50px\" \/><\/a>  <a href=\"\/index.php\/corredor-movil_es\">Corredor M\u00f3vil<\/a><\/h1>\n\n\n\n<p class=\"has-white-background-color has-background\">Una aplicaci\u00f3n de Android para conectar clientes de corretaje a los mercados.<\/p>\n\n\n\n<h1 class=\"wp-block-heading has-link-color wp-elements-f031b43336a69c3cc5f5668bba002657\"><a href=\"\/index.php\/bolsa_es\"><img decoding=\"async\" width=\"50\" height=\"50\" class=\"wp-image-443\" style=\"width: 50px;\" src=\"https:\/\/www.jmjatlanta.com\/wp-content\/uploads\/2023\/05\/JMJAtlantaLogo.png\" alt=\"\" srcset=\"https:\/\/www.jmjatlanta.com\/wp-content\/uploads\/2023\/05\/JMJAtlantaLogo.png 259w, https:\/\/www.jmjatlanta.com\/wp-content\/uploads\/2023\/05\/JMJAtlantaLogo-150x150.png 150w, https:\/\/www.jmjatlanta.com\/wp-content\/uploads\/2023\/05\/JMJAtlantaLogo-100x100.png 100w\" sizes=\"(max-width: 50px) 100vw, 50px\" \/><\/a>  <a href=\"\/index.php\/bolsa_es\">Bolsa<\/a><\/h1>\n\n\n\n<p class=\"has-white-background-color has-background\">Un libro de \u00f3rdenes de l\u00edmite centralizado<\/p>\n\n\n\n<p><\/p>\n","protected":false},"excerpt":{"rendered":"<p>Embark Paquete de procesos comerciales (BPM) y relaci\u00f3n con el cliente (CRM) para corretaje. Corredor M\u00f3vil Una aplicaci\u00f3n de Android para conectar clientes de corretaje a los mercados. Bolsa Un libro de \u00f3rdenes de l\u00edmite centralizado<\/p>\n","protected":false},"author":1,"featured_media":564,"parent":0,"menu_order":10,"comment_status":"closed","ping_status":"closed","template":"","meta":{"footnotes":""},"class_list":["post-493","page","type-page","status-publish","has-post-thumbnail","hentry"],"blocksy_meta":{"page_structure_type":"type-4","disable_header":"no","disable_footer":"no"},"_links":{"self":[{"href":"https:\/\/www.jmjatlanta.com\/index.php\/wp-json\/wp\/v2\/pages\/493","targetHints":{"allow":["GET"]}}],"collection":[{"href":"https:\/\/www.jmjatlanta.com\/index.php\/wp-json\/wp\/v2\/pages"}],"about":[{"href":"https:\/\/www.jmjatlanta.com\/index.php\/wp-json\/wp\/v2\/types\/page"}],"author":[{"embeddable":true,"href":"https:\/\/www.jmjatlanta.com\/index.php\/wp-json\/wp\/v2\/users\/1"}],"replies":[{"embeddable":true,"href":"https:\/\/www.jmjatlanta.com\/index.php\/wp-json\/wp\/v2\/comments?post=493"}],"version-history":[{"count":19,"href":"https:\/\/www.jmjatlanta.com\/index.php\/wp-json\/wp\/v2\/pages\/493\/revisions"}],"predecessor-version":[{"id":578,"href":"https:\/\/www.jmjatlanta.com\/index.php\/wp-json\/wp\/v2\/pages\/493\/revisions\/578"}],"wp:featuredmedia":[{"embeddable":true,"href":"https:\/\/www.jmjatlanta.com\/index.php\/wp-json\/wp\/v2\/media\/564"}],"wp:attachment":[{"href":"https:\/\/www.jmjatlanta.com\/index.php\/wp-json\/wp\/v2\/media?parent=493"}],"curies":[{"name":"wp","href":"https:\/\/api.w.org\/{rel}","templated":true}]}}