{"id":497,"date":"2023-06-26T08:58:39","date_gmt":"2023-06-26T13:58:39","guid":{"rendered":"https:\/\/www.jmjatlanta.com\/?page_id=497"},"modified":"2023-07-18T08:19:46","modified_gmt":"2023-07-18T13:19:46","slug":"embark_es","status":"publish","type":"page","link":"https:\/\/www.jmjatlanta.com\/index.php\/productos\/embark_es\/","title":{"rendered":"Embark"},"content":{"rendered":"\n<p>Embark es parte de una soluci\u00f3n de software integral de asistencia a corredur\u00edas para proporcionar a sus clientes acceso al mercado Latinex. El objectivo de Embark es ayudar a gestionar la relaci\u00f3n entre los br\u00f3keres y sus clientes.<\/p>\n\n\n\n<p>Con Embark:<\/p>\n\n\n\n<ul class=\"wp-block-list\">\n<li>Los clientes potenciales pueden proporcionar informaci\u00f3n para abrir una cuenta.<\/li>\n\n\n\n<li>Los clientes pueden verificar el estado de su cuenta y realizar diversas operaciones de gesti\u00f3n como:\n<ul class=\"wp-block-list\">\n<li>Ver saldos y actividad.<\/li>\n\n\n\n<li>Solicitar transferencias.<\/li>\n\n\n\n<li>Solicitar el cierre de la cuenta.<\/li>\n\n\n\n<li>Pedir ayuda.<\/li>\n\n\n\n<li>Ver, Editar y\/o cancelar \u00f3rdenes<\/li>\n<\/ul>\n<\/li>\n\n\n\n<li>Los empleados de la agencia de bolsa pueden:\n<ul class=\"wp-block-list\">\n<li> Examinar y aprobar nuevas cuentas.<\/li>\n\n\n\n<li> Comunicarse con clientes y potenciales clientes a trav\u00e9s de correo electr\u00f3nico.<\/li>\n<\/ul>\n<\/li>\n<\/ul>\n\n\n\n<p>El n\u00facleo de Embark es un componente de gesti\u00f3n de procesos de negocios (BPM) que facilita con el flujo ordenado de informaci\u00f3n y tareas, llevando un proceso hasta su conclusi\u00f3n. Dado que cada corretaje es \u00fanico, Embark ofrece la flexibilidad necesaria para adaptar el proceso a su flujo de trabajo personalizado.<\/p>\n\n\n\n<h2 class=\"wp-block-heading\">Implementaci\u00f3n e Integraci\u00f3n<\/h2>\n\n\n\n<p>Durante la implementaci\u00f3n, nuestros desarrolladores colaboran estrechamente con su organizaci\u00f3n para documentar el flujo de trabajo actual y discutir cualquier cambio deseado. A continuaci\u00f3n, trabajamos junto a su equipo de implementaci\u00f3n para asegurarnos de que Embark funcione de acuerdo a sus necesidades y expectativas.<\/p>\n\n\n\n<p>Embark es una aplicaci\u00f3n web f\u00e1cilmente personalizable dise\u00f1ada para adaptarse a la apariencia y el flujo de su sitio web actual. Puede ser alojada en servidores sumamente seguros y altamente disponibles proporcionados por JMJ Atlanta a trav\u00e9s de una suscripci\u00f3n. Tambi\u00e9n tiene la opci\u00f3n de alojarla internamente en sus propios servidores.<\/p>\n\n\n\n<p>La integraci\u00f3n de otros sistemas con Embark se simplifica gracias a su API, la cual utiliza protocolos est\u00e1ndar como REST, JSON, Google Protobuf y Websockets. Con estas APIs basadas en la web, es posible acceder a los procesos comerciales, crear paneles de control y establecer conexiones bidireccionales con los sistemas de gesti\u00f3n interna.<\/p>\n\n\n\n<h2 class=\"wp-block-heading\">Algunos detalles t\u00e9cnicos<\/h2>\n\n\n\n<p>Embark es una aplicaci\u00f3n web que est\u00e1 dise\u00f1ada para ejecutarse dentro del servidor web que usted prefiera a trav\u00e9s de FastCGI. Funciona con Apache, Nginx y Microsoft Internet Information Server (IIS). La persistencia de datos se proporciona a trav\u00e9s de cualquier sistema popular de base de datos relacional (RDBMS), incluidos MySQL, Postgres, Microsoft SQL Server, etc.<\/p>\n\n\n\n<p>La mayor parte de la aplicaci\u00f3n est\u00e1 escrita en C++, lo que permite la portabilidad, requiere pocos recursos y un alto rendimiento.<\/p>\n\n\n\n<h2 class=\"wp-block-heading\">Seguridad<\/h2>\n\n\n\n<p>La seguridad de tu informaci\u00f3n y la de tus clientes es de suma importancia. Embark se dise\u00f1\u00f3 para proporcionar el m\u00e1s alto nivel de seguridad posible, siguiendo las recomendaciones de organismos como la FDIC de EE. UU. (consulte https:\/\/www.fdic.gov\/resources\/bankers\/information-technology\/).<\/p>\n\n\n\n<p>Las aplicaciones alojadas por JMJ Atlanta se encuentran en un sitio seguro (Digital Ocean NYC1). El acceso f\u00edsico al hardware es sumamente restringido, y el acceso administrativo remoto solo se otorga a los directores de JMJ Atlanta. Adem\u00e1s, cualquier empleado de JMJ Atlanta que requiera acceso debe ser supervisado por un director durante el proceso.<\/p>\n\n\n\n<p>El acceso a la aplicaci\u00f3n solo se otorga a trav\u00e9s de conexiones cifradas seguras. Las credenciales de acceso no se almacenan en texto claro. Toda credencial que sea proporcionada mediante el uso de aplicaciones no se almacenan en archivos de registro.<\/p>\n\n\n\n<h2 class=\"wp-block-heading\">D\u00f3nde encaja Embark dentro de su organizaci\u00f3n<\/h2>\n\n\n\n<p>Embark es un componente frontal e intermedio. Proporciona a los clientes informaci\u00f3n de mercado y la capacidad de realizar tareas administrativas a nivel de cuenta. Tambi\u00e9n proporciona a los empleados de la casa de bolsa plataformas de relaci\u00f3n con el cliente (CRM) y de procesos comerciales (BPM).<\/p>\n\n\n\n<figure class=\"wp-block-image size-large is-resized\"><img fetchpriority=\"high\" decoding=\"async\" src=\"https:\/\/www.jmjatlanta.com\/wp-content\/uploads\/2023\/06\/Blah-1024x709.png\" alt=\"\" class=\"wp-image-460\" width=\"647\" height=\"447\" srcset=\"https:\/\/www.jmjatlanta.com\/wp-content\/uploads\/2023\/06\/Blah-1024x709.png 1024w, https:\/\/www.jmjatlanta.com\/wp-content\/uploads\/2023\/06\/Blah-300x208.png 300w, https:\/\/www.jmjatlanta.com\/wp-content\/uploads\/2023\/06\/Blah-768x532.png 768w, https:\/\/www.jmjatlanta.com\/wp-content\/uploads\/2023\/06\/Blah.png 1083w\" sizes=\"(max-width: 647px) 100vw, 647px\" \/><\/figure>\n\n\n\n<p>Embark conecta a sus clientes con informaci\u00f3n sobre los mercados y sus cuentas. Para la informaci\u00f3n de la cuenta, Embark puede usar los datos dentro de Embark Datafeed. Opcionalmente, puede conectarse a su propia base de datos existente o sistemas CRM. Para obtener informaci\u00f3n de mercado, Embark se comunica con el componente Embark Datafeed.<\/p>\n\n\n\n<p>Los empleados de corretaje se conectan a Embark a trav\u00e9s de su navegador. All\u00ed, pueden administrar cuentas, solicitudes y comunicaci\u00f3n con el cliente de corretaje.<\/p>\n\n\n\n<p>Tenga en cuenta que Embark est\u00e1 dise\u00f1ado para integrarse con sus sistemas administrativos existentes o como sistema central para su corretaje.<\/p>\n","protected":false},"excerpt":{"rendered":"<p>Embark es parte de una soluci\u00f3n de software integral de asistencia a corredur\u00edas para proporcionar a sus clientes acceso al mercado Latinex. El objectivo de Embark es ayudar a gestionar la relaci\u00f3n entre los br\u00f3keres y sus clientes. Con Embark: El n\u00facleo de Embark es un componente de gesti\u00f3n de procesos de negocios (BPM) que [&hellip;]<\/p>\n","protected":false},"author":1,"featured_media":0,"parent":493,"menu_order":0,"comment_status":"closed","ping_status":"closed","template":"","meta":{"footnotes":""},"class_list":["post-497","page","type-page","status-publish","hentry"],"blocksy_meta":[],"_links":{"self":[{"href":"https:\/\/www.jmjatlanta.com\/index.php\/wp-json\/wp\/v2\/pages\/497","targetHints":{"allow":["GET"]}}],"collection":[{"href":"https:\/\/www.jmjatlanta.com\/index.php\/wp-json\/wp\/v2\/pages"}],"about":[{"href":"https:\/\/www.jmjatlanta.com\/index.php\/wp-json\/wp\/v2\/types\/page"}],"author":[{"embeddable":true,"href":"https:\/\/www.jmjatlanta.com\/index.php\/wp-json\/wp\/v2\/users\/1"}],"replies":[{"embeddable":true,"href":"https:\/\/www.jmjatlanta.com\/index.php\/wp-json\/wp\/v2\/comments?post=497"}],"version-history":[{"count":2,"href":"https:\/\/www.jmjatlanta.com\/index.php\/wp-json\/wp\/v2\/pages\/497\/revisions"}],"predecessor-version":[{"id":510,"href":"https:\/\/www.jmjatlanta.com\/index.php\/wp-json\/wp\/v2\/pages\/497\/revisions\/510"}],"up":[{"embeddable":true,"href":"https:\/\/www.jmjatlanta.com\/index.php\/wp-json\/wp\/v2\/pages\/493"}],"wp:attachment":[{"href":"https:\/\/www.jmjatlanta.com\/index.php\/wp-json\/wp\/v2\/media?parent=497"}],"curies":[{"name":"wp","href":"https:\/\/api.w.org\/{rel}","templated":true}]}}