{"id":513,"date":"2023-06-28T09:12:40","date_gmt":"2023-06-28T14:12:40","guid":{"rendered":"https:\/\/www.jmjatlanta.com\/?page_id=513"},"modified":"2023-07-18T13:33:26","modified_gmt":"2023-07-18T18:33:26","slug":"embark_demo","status":"publish","type":"page","link":"https:\/\/www.jmjatlanta.com\/index.php\/productos\/embark_demo\/","title":{"rendered":"Demostraci\u00f3n"},"content":{"rendered":"\n<p>Embark y Corredor M\u00f3vil est\u00e1n cerca de la etapa de Producto M\u00ednimo Viable (MVP). Sus frameworks han sido desarrollados e implementados aqu\u00ed en JMJAtlanta.com. Hemos proporcionado un sistema configurado como demostraci\u00f3n.<\/p>\n\n\n\n<h2 class=\"wp-block-heading\">Instalaci\u00f3n de la aplicaci\u00f3n Android<\/h2>\n\n\n\n<p>Para descargar Corredor M\u00f3vil, utilice el browser Chrome de su dispositivo y visite <a href=\"https:\/\/www.jmjatlanta.com\/embark_apk\/app-debug.apk\">https:\/\/www.jmjatlanta.com\/embark_apk\/app-debug.apk<\/a>. <\/p>\n\n\n\n<figure class=\"wp-block-image size-large is-resized\"><img fetchpriority=\"high\" decoding=\"async\" src=\"https:\/\/www.jmjatlanta.com\/wp-content\/uploads\/2023\/06\/01ChromeDownload-576x1024.png\" alt=\"\" class=\"wp-image-514\" width=\"225\" height=\"400\" srcset=\"https:\/\/www.jmjatlanta.com\/wp-content\/uploads\/2023\/06\/01ChromeDownload-576x1024.png 576w, https:\/\/www.jmjatlanta.com\/wp-content\/uploads\/2023\/06\/01ChromeDownload-169x300.png 169w, https:\/\/www.jmjatlanta.com\/wp-content\/uploads\/2023\/06\/01ChromeDownload-768x1365.png 768w, https:\/\/www.jmjatlanta.com\/wp-content\/uploads\/2023\/06\/01ChromeDownload-864x1536.png 864w, https:\/\/www.jmjatlanta.com\/wp-content\/uploads\/2023\/06\/01ChromeDownload.png 1080w\" sizes=\"(max-width: 225px) 100vw, 225px\" \/><\/figure>\n\n\n\n<p>Una vez descargado, deber\u00eda ver un mensaje similar al gr\u00e1fico a continuaci\u00f3n, con el mensaje &#8220;Archivo descargado&#8221;. Haga clic en &#8220;Abrir&#8221;<\/p>\n\n\n\n<figure class=\"wp-block-image size-large is-resized\"><img decoding=\"async\" src=\"https:\/\/www.jmjatlanta.com\/wp-content\/uploads\/2023\/06\/02ChromeDownloaded-576x1024.png\" alt=\"\" class=\"wp-image-515\" width=\"203\" height=\"361\" srcset=\"https:\/\/www.jmjatlanta.com\/wp-content\/uploads\/2023\/06\/02ChromeDownloaded-576x1024.png 576w, https:\/\/www.jmjatlanta.com\/wp-content\/uploads\/2023\/06\/02ChromeDownloaded-169x300.png 169w, https:\/\/www.jmjatlanta.com\/wp-content\/uploads\/2023\/06\/02ChromeDownloaded-768x1365.png 768w, https:\/\/www.jmjatlanta.com\/wp-content\/uploads\/2023\/06\/02ChromeDownloaded-864x1536.png 864w, https:\/\/www.jmjatlanta.com\/wp-content\/uploads\/2023\/06\/02ChromeDownloaded.png 1080w\" sizes=\"(max-width: 203px) 100vw, 203px\" \/><\/figure>\n\n\n\n<p>Si recibe un mensaje como el siguiente, su dispositivo no permite la instalaci\u00f3n de aplicaciones que descarg\u00f3 de Internet. Puede permitir esto temporalmente haciendo clic en &#8220;Configuraci\u00f3n&#8221;<\/p>\n\n\n\n<figure class=\"wp-block-image size-large is-resized\"><img decoding=\"async\" src=\"https:\/\/www.jmjatlanta.com\/wp-content\/uploads\/2023\/06\/03NoInstall-576x1024.png\" alt=\"\" class=\"wp-image-516\" width=\"240\" height=\"427\" srcset=\"https:\/\/www.jmjatlanta.com\/wp-content\/uploads\/2023\/06\/03NoInstall-576x1024.png 576w, https:\/\/www.jmjatlanta.com\/wp-content\/uploads\/2023\/06\/03NoInstall-169x300.png 169w, https:\/\/www.jmjatlanta.com\/wp-content\/uploads\/2023\/06\/03NoInstall-768x1365.png 768w, https:\/\/www.jmjatlanta.com\/wp-content\/uploads\/2023\/06\/03NoInstall-864x1536.png 864w, https:\/\/www.jmjatlanta.com\/wp-content\/uploads\/2023\/06\/03NoInstall.png 1080w\" sizes=\"(max-width: 240px) 100vw, 240px\" \/><\/figure>\n\n\n\n<p>Luego puede habilitar &#8220;Confiar en esta fuente&#8221;.<\/p>\n\n\n\n<figure class=\"wp-block-image size-large is-resized\"><img loading=\"lazy\" decoding=\"async\" src=\"https:\/\/www.jmjatlanta.com\/wp-content\/uploads\/2023\/06\/04AdjustPermissions-576x1024.png\" alt=\"\" class=\"wp-image-517\" width=\"301\" height=\"535\" srcset=\"https:\/\/www.jmjatlanta.com\/wp-content\/uploads\/2023\/06\/04AdjustPermissions-576x1024.png 576w, https:\/\/www.jmjatlanta.com\/wp-content\/uploads\/2023\/06\/04AdjustPermissions-169x300.png 169w, https:\/\/www.jmjatlanta.com\/wp-content\/uploads\/2023\/06\/04AdjustPermissions-768x1365.png 768w, https:\/\/www.jmjatlanta.com\/wp-content\/uploads\/2023\/06\/04AdjustPermissions-864x1536.png 864w, https:\/\/www.jmjatlanta.com\/wp-content\/uploads\/2023\/06\/04AdjustPermissions.png 1080w\" sizes=\"(max-width: 301px) 100vw, 301px\" \/><\/figure>\n\n\n\n<p>Haga clic en &#8220;Instalar&#8221; para instalar Corredor M\u00f3vil.<\/p>\n\n\n\n<figure class=\"wp-block-image size-large is-resized\"><img loading=\"lazy\" decoding=\"async\" src=\"https:\/\/www.jmjatlanta.com\/wp-content\/uploads\/2023\/06\/05Install-576x1024.png\" alt=\"\" class=\"wp-image-518\" width=\"308\" height=\"548\" srcset=\"https:\/\/www.jmjatlanta.com\/wp-content\/uploads\/2023\/06\/05Install-576x1024.png 576w, https:\/\/www.jmjatlanta.com\/wp-content\/uploads\/2023\/06\/05Install-169x300.png 169w, https:\/\/www.jmjatlanta.com\/wp-content\/uploads\/2023\/06\/05Install-768x1365.png 768w, https:\/\/www.jmjatlanta.com\/wp-content\/uploads\/2023\/06\/05Install-864x1536.png 864w, https:\/\/www.jmjatlanta.com\/wp-content\/uploads\/2023\/06\/05Install.png 1080w\" sizes=\"(max-width: 308px) 100vw, 308px\" \/><\/figure>\n\n\n\n<p>Una vez instalado, puede abrir la aplicaci\u00f3n. Pero no olvide ajustar sus permisos para no permitir que se instalen aplicaciones cuando se descargan de Internet. Para ajustar sus permisos, siga estos pasos:<\/p>\n\n\n\n<p>Desde la aplicaci\u00f3n &#8220;Configuraci\u00f3n&#8221; de su dispositivo, haga clic en &#8220;Apps&#8221;<\/p>\n\n\n\n<figure class=\"wp-block-image size-large is-resized\"><img loading=\"lazy\" decoding=\"async\" src=\"https:\/\/www.jmjatlanta.com\/wp-content\/uploads\/2023\/06\/07Configuration-576x1024.png\" alt=\"\" class=\"wp-image-519\" width=\"216\" height=\"384\" srcset=\"https:\/\/www.jmjatlanta.com\/wp-content\/uploads\/2023\/06\/07Configuration-576x1024.png 576w, https:\/\/www.jmjatlanta.com\/wp-content\/uploads\/2023\/06\/07Configuration-169x300.png 169w, https:\/\/www.jmjatlanta.com\/wp-content\/uploads\/2023\/06\/07Configuration-768x1365.png 768w, https:\/\/www.jmjatlanta.com\/wp-content\/uploads\/2023\/06\/07Configuration-864x1536.png 864w, https:\/\/www.jmjatlanta.com\/wp-content\/uploads\/2023\/06\/07Configuration.png 1080w\" sizes=\"(max-width: 216px) 100vw, 216px\" \/><\/figure>\n\n\n\n<p>Luego haga clic en &#8220;Chrome&#8221;<\/p>\n\n\n\n<figure class=\"wp-block-image size-large is-resized\"><img loading=\"lazy\" decoding=\"async\" src=\"https:\/\/www.jmjatlanta.com\/wp-content\/uploads\/2023\/06\/08Apps-576x1024.png\" alt=\"\" class=\"wp-image-520\" width=\"212\" height=\"377\" srcset=\"https:\/\/www.jmjatlanta.com\/wp-content\/uploads\/2023\/06\/08Apps-576x1024.png 576w, https:\/\/www.jmjatlanta.com\/wp-content\/uploads\/2023\/06\/08Apps-169x300.png 169w, https:\/\/www.jmjatlanta.com\/wp-content\/uploads\/2023\/06\/08Apps-768x1365.png 768w, https:\/\/www.jmjatlanta.com\/wp-content\/uploads\/2023\/06\/08Apps-864x1536.png 864w, https:\/\/www.jmjatlanta.com\/wp-content\/uploads\/2023\/06\/08Apps.png 1080w\" sizes=\"(max-width: 212px) 100vw, 212px\" \/><\/figure>\n\n\n\n<p>Una de las opciones es &#8220;Instalar aplicaciones desconocidas&#8221; Esa opci\u00f3n est\u00e1 en o cerca del final de la lista.<\/p>\n\n\n\n<figure class=\"wp-block-image size-large is-resized\"><img loading=\"lazy\" decoding=\"async\" src=\"https:\/\/www.jmjatlanta.com\/wp-content\/uploads\/2023\/06\/09SinPermiso-576x1024.png\" alt=\"\" class=\"wp-image-521\" width=\"265\" height=\"471\" srcset=\"https:\/\/www.jmjatlanta.com\/wp-content\/uploads\/2023\/06\/09SinPermiso-576x1024.png 576w, https:\/\/www.jmjatlanta.com\/wp-content\/uploads\/2023\/06\/09SinPermiso-169x300.png 169w, https:\/\/www.jmjatlanta.com\/wp-content\/uploads\/2023\/06\/09SinPermiso-768x1365.png 768w, https:\/\/www.jmjatlanta.com\/wp-content\/uploads\/2023\/06\/09SinPermiso-864x1536.png 864w, https:\/\/www.jmjatlanta.com\/wp-content\/uploads\/2023\/06\/09SinPermiso.png 1080w\" sizes=\"(max-width: 265px) 100vw, 265px\" \/><\/figure>\n\n\n\n<p>Una vez que haya hecho clic, se le presentar\u00e1 la misma pantalla de permisos que vio anteriormente en el proceso. Deslice la posici\u00f3n del interruptor hacia la izquierda para desactivar el permiso. Sus permisos ahora est\u00e1n de vuelta como estaban, pero con Corredor M\u00f3vil instalado.<\/p>\n\n\n\n<h2 class=\"wp-block-heading\">Creando una cuenta<\/h2>\n\n\n\n<p>Ahora vamos a crear una cuenta. Inicie la aplicaci\u00f3n Corredor M\u00f3vil. Haga clic en &#8220;Registaci\u00f3n&#8221;<\/p>\n\n\n\n<figure class=\"wp-block-image size-large is-resized\"><img loading=\"lazy\" decoding=\"async\" src=\"https:\/\/www.jmjatlanta.com\/wp-content\/uploads\/2023\/06\/11Inicio-576x1024.png\" alt=\"\" class=\"wp-image-522\" width=\"274\" height=\"487\" srcset=\"https:\/\/www.jmjatlanta.com\/wp-content\/uploads\/2023\/06\/11Inicio-576x1024.png 576w, https:\/\/www.jmjatlanta.com\/wp-content\/uploads\/2023\/06\/11Inicio-169x300.png 169w, https:\/\/www.jmjatlanta.com\/wp-content\/uploads\/2023\/06\/11Inicio-768x1365.png 768w, https:\/\/www.jmjatlanta.com\/wp-content\/uploads\/2023\/06\/11Inicio-864x1536.png 864w, https:\/\/www.jmjatlanta.com\/wp-content\/uploads\/2023\/06\/11Inicio.png 1080w\" sizes=\"(max-width: 274px) 100vw, 274px\" \/><\/figure>\n\n\n\n<p>Rellene los campos. Tenga en cuenta que puede entregar cualquier correo electr\u00f3nico y contrase\u00f1a que a\u00fan no est\u00e9 en uso. Debido a que se trata de una demostraci\u00f3n, la aplicaci\u00f3n no enviar\u00e1 correos electr\u00f3nicos. No olvides la contrase\u00f1a que elegiste. Marque &#8220;Estoy de acuerdo&#8221; y luego el bot\u00f3n &#8220;Enviar&#8221;<\/p>\n\n\n\n<figure class=\"wp-block-image size-large is-resized\"><img loading=\"lazy\" decoding=\"async\" src=\"https:\/\/www.jmjatlanta.com\/wp-content\/uploads\/2023\/06\/13RegistrationAndThanks-852x1024.png\" alt=\"\" class=\"wp-image-527\" width=\"421\" height=\"506\" srcset=\"https:\/\/www.jmjatlanta.com\/wp-content\/uploads\/2023\/06\/13RegistrationAndThanks-852x1024.png 852w, https:\/\/www.jmjatlanta.com\/wp-content\/uploads\/2023\/06\/13RegistrationAndThanks-250x300.png 250w, https:\/\/www.jmjatlanta.com\/wp-content\/uploads\/2023\/06\/13RegistrationAndThanks-768x923.png 768w, https:\/\/www.jmjatlanta.com\/wp-content\/uploads\/2023\/06\/13RegistrationAndThanks-1279x1536.png 1279w, https:\/\/www.jmjatlanta.com\/wp-content\/uploads\/2023\/06\/13RegistrationAndThanks-1705x2048.png 1705w, https:\/\/www.jmjatlanta.com\/wp-content\/uploads\/2023\/06\/13RegistrationAndThanks.png 1863w\" sizes=\"(max-width: 421px) 100vw, 421px\" \/><\/figure>\n\n\n\n<p>Despu\u00e9s de registrarse, puede ingresar inmediatamente con las credenciales que eligi\u00f3. La pantalla de inicio muestra que no tiene cuentas abiertas.<\/p>\n\n\n\n<figure class=\"wp-block-image size-large is-resized\"><img loading=\"lazy\" decoding=\"async\" src=\"https:\/\/www.jmjatlanta.com\/wp-content\/uploads\/2023\/06\/11InicioAnd2More-969x1024.png\" alt=\"\" class=\"wp-image-528\" width=\"479\" height=\"506\" srcset=\"https:\/\/www.jmjatlanta.com\/wp-content\/uploads\/2023\/06\/11InicioAnd2More-969x1024.png 969w, https:\/\/www.jmjatlanta.com\/wp-content\/uploads\/2023\/06\/11InicioAnd2More-284x300.png 284w, https:\/\/www.jmjatlanta.com\/wp-content\/uploads\/2023\/06\/11InicioAnd2More-768x811.png 768w, https:\/\/www.jmjatlanta.com\/wp-content\/uploads\/2023\/06\/11InicioAnd2More-1454x1536.png 1454w, https:\/\/www.jmjatlanta.com\/wp-content\/uploads\/2023\/06\/11InicioAnd2More-1939x2048.png 1939w\" sizes=\"(max-width: 479px) 100vw, 479px\" \/><\/figure>\n\n\n\n<p>Ahora agreguemos una de nuestras acciones favoritas a nuestra lista de vigilancia. Haga clic en &#8220;Watchlist&#8221; en el men\u00fa cerca de la parte inferior de su pantalla.<\/p>\n\n\n\n<p>Ahora agreguemos una de nuestras acciones favoritas a nuestra lista de vigilancia. Haga clic en &#8220;Lista de observaci\u00f3n&#8221; en el men\u00fa cerca de la parte inferior de su pantalla.<\/p>\n\n\n\n<p>Al hacer clic en el s\u00edmbolo m\u00e1s ( + ), podr\u00e1 agregar una acci\u00f3n a la lista.<\/p>\n\n\n\n<figure class=\"wp-block-image size-large is-resized\"><img loading=\"lazy\" decoding=\"async\" src=\"https:\/\/www.jmjatlanta.com\/wp-content\/uploads\/2023\/06\/17WatchlistNoneWithAdd-1-1024x871.png\" alt=\"\" class=\"wp-image-530\" width=\"573\" height=\"487\" srcset=\"https:\/\/www.jmjatlanta.com\/wp-content\/uploads\/2023\/06\/17WatchlistNoneWithAdd-1-1024x871.png 1024w, https:\/\/www.jmjatlanta.com\/wp-content\/uploads\/2023\/06\/17WatchlistNoneWithAdd-1-300x255.png 300w, https:\/\/www.jmjatlanta.com\/wp-content\/uploads\/2023\/06\/17WatchlistNoneWithAdd-1-768x654.png 768w, https:\/\/www.jmjatlanta.com\/wp-content\/uploads\/2023\/06\/17WatchlistNoneWithAdd-1-1536x1307.png 1536w, https:\/\/www.jmjatlanta.com\/wp-content\/uploads\/2023\/06\/17WatchlistNoneWithAdd-1-2048x1743.png 2048w\" sizes=\"(max-width: 573px) 100vw, 573px\" \/><\/figure>\n\n\n\n<p>La lista es grande. Agregaremos un filtro para hacer la lista m\u00e1s peque\u00f1a. Sabemos que la acci\u00f3n que queremos es un banco, y es una acci\u00f3n comm\u00fan.<\/p>\n\n\n\n<p>Cuando seleccionamos esos filtros de la lista, solo aparece 1 acci\u00f3n. Haga clic en &#8220;CANAL&#8221; para agregarlo a nuestra watchlist.<\/p>\n\n\n\n<p>Puede seguir el mismo procedimiento para agregar m\u00e1s acciones a la lista.<\/p>\n\n\n\n<figure class=\"wp-block-image size-large is-resized\"><img loading=\"lazy\" decoding=\"async\" src=\"https:\/\/www.jmjatlanta.com\/wp-content\/uploads\/2023\/06\/20WatchlistSteps-1-878x1024.png\" alt=\"\" class=\"wp-image-532\" width=\"482\" height=\"562\" srcset=\"https:\/\/www.jmjatlanta.com\/wp-content\/uploads\/2023\/06\/20WatchlistSteps-1-878x1024.png 878w, https:\/\/www.jmjatlanta.com\/wp-content\/uploads\/2023\/06\/20WatchlistSteps-1-257x300.png 257w, https:\/\/www.jmjatlanta.com\/wp-content\/uploads\/2023\/06\/20WatchlistSteps-1-768x896.png 768w, https:\/\/www.jmjatlanta.com\/wp-content\/uploads\/2023\/06\/20WatchlistSteps-1-1316x1536.png 1316w, https:\/\/www.jmjatlanta.com\/wp-content\/uploads\/2023\/06\/20WatchlistSteps-1-1755x2048.png 1755w, https:\/\/www.jmjatlanta.com\/wp-content\/uploads\/2023\/06\/20WatchlistSteps-1.png 2031w\" sizes=\"(max-width: 482px) 100vw, 482px\" \/><\/figure>\n\n\n\n<p>Al seleccionar una de las acciones de la lista, se muestran m\u00e1s detalles y los precios hist\u00f3ricos.<\/p>\n\n\n\n<h2 class=\"wp-block-heading\">Aprobar una cuenta<\/h2>\n\n\n\n<p>Seguramente, la aprobaci\u00f3n de una nueva cuenta requiere varios pasos de verificaci\u00f3n. El producto Embark ayuda a la casa de bolsa automatizando lo que puede y asegurando que los asociados de la firma tengan la informaci\u00f3n para realizar cada paso. Para esta demostraci\u00f3n, simplemente permitiremos que un miembro de la empresa apruebe la cuenta y declare la cantidad de fondos.<\/p>\n\n\n\n<p>El primer paso es ir a Embark utilizando el siguiente enlace  <a href=\"https:\/\/www.jmjatlanta.com\/embark\/admin\">https:\/\/www.jmjatlanta.com\/embark\/admin<\/a> Y use el nombre de usuario <strong>admin<\/strong> con la contrase\u00f1a <strong>password<\/strong>.<\/p>\n\n\n\n<figure class=\"wp-block-image size-full\"><img loading=\"lazy\" decoding=\"async\" width=\"442\" height=\"285\" src=\"https:\/\/www.jmjatlanta.com\/wp-content\/uploads\/2023\/07\/Embark01AdminLogin-1.png\" alt=\"\" class=\"wp-image-540\" srcset=\"https:\/\/www.jmjatlanta.com\/wp-content\/uploads\/2023\/07\/Embark01AdminLogin-1.png 442w, https:\/\/www.jmjatlanta.com\/wp-content\/uploads\/2023\/07\/Embark01AdminLogin-1-300x193.png 300w\" sizes=\"(max-width: 442px) 100vw, 442px\" \/><\/figure>\n\n\n\n<p>Luego se le presenta una lista de tareas, una de las cuales ser\u00e1 la cuenta que cre\u00f3.<\/p>\n\n\n\n<figure class=\"wp-block-image size-full\"><img loading=\"lazy\" decoding=\"async\" width=\"809\" height=\"260\" src=\"https:\/\/www.jmjatlanta.com\/wp-content\/uploads\/2023\/07\/Embark02List-1.png\" alt=\"\" class=\"wp-image-539\" srcset=\"https:\/\/www.jmjatlanta.com\/wp-content\/uploads\/2023\/07\/Embark02List-1.png 809w, https:\/\/www.jmjatlanta.com\/wp-content\/uploads\/2023\/07\/Embark02List-1-300x96.png 300w, https:\/\/www.jmjatlanta.com\/wp-content\/uploads\/2023\/07\/Embark02List-1-768x247.png 768w\" sizes=\"(max-width: 809px) 100vw, 809px\" \/><\/figure>\n\n\n\n<p>Selecciona la cuenta, revisa la informaci\u00f3n, elige &#8220;Abierta&#8221; y dale a la cuenta la cantidad de fondos que deseas.<\/p>\n\n\n\n<figure class=\"wp-block-image size-full\"><img loading=\"lazy\" decoding=\"async\" width=\"753\" height=\"670\" src=\"https:\/\/www.jmjatlanta.com\/wp-content\/uploads\/2023\/07\/Embark03Abrir.png\" alt=\"\" class=\"wp-image-541\" srcset=\"https:\/\/www.jmjatlanta.com\/wp-content\/uploads\/2023\/07\/Embark03Abrir.png 753w, https:\/\/www.jmjatlanta.com\/wp-content\/uploads\/2023\/07\/Embark03Abrir-300x267.png 300w\" sizes=\"(max-width: 753px) 100vw, 753px\" \/><\/figure>\n\n\n\n<p>Esto le permitir\u00e1 a su nuevo cliente utilizar todas las funciones de la aplicaci\u00f3n Corredor M\u00f3vil.<\/p>\n\n\n\n<p><\/p>\n","protected":false},"excerpt":{"rendered":"<p>Embark y Corredor M\u00f3vil est\u00e1n cerca de la etapa de Producto M\u00ednimo Viable (MVP). Sus frameworks han sido desarrollados e implementados aqu\u00ed en JMJAtlanta.com. Hemos proporcionado un sistema configurado como demostraci\u00f3n. Instalaci\u00f3n de la aplicaci\u00f3n Android Para descargar Corredor M\u00f3vil, utilice el browser Chrome de su dispositivo y visite https:\/\/www.jmjatlanta.com\/embark_apk\/app-debug.apk. Una vez descargado, deber\u00eda ver [&hellip;]<\/p>\n","protected":false},"author":1,"featured_media":0,"parent":493,"menu_order":50,"comment_status":"closed","ping_status":"closed","template":"","meta":{"footnotes":""},"class_list":["post-513","page","type-page","status-publish","hentry"],"blocksy_meta":[],"_links":{"self":[{"href":"https:\/\/www.jmjatlanta.com\/index.php\/wp-json\/wp\/v2\/pages\/513","targetHints":{"allow":["GET"]}}],"collection":[{"href":"https:\/\/www.jmjatlanta.com\/index.php\/wp-json\/wp\/v2\/pages"}],"about":[{"href":"https:\/\/www.jmjatlanta.com\/index.php\/wp-json\/wp\/v2\/types\/page"}],"author":[{"embeddable":true,"href":"https:\/\/www.jmjatlanta.com\/index.php\/wp-json\/wp\/v2\/users\/1"}],"replies":[{"embeddable":true,"href":"https:\/\/www.jmjatlanta.com\/index.php\/wp-json\/wp\/v2\/comments?post=513"}],"version-history":[{"count":5,"href":"https:\/\/www.jmjatlanta.com\/index.php\/wp-json\/wp\/v2\/pages\/513\/revisions"}],"predecessor-version":[{"id":542,"href":"https:\/\/www.jmjatlanta.com\/index.php\/wp-json\/wp\/v2\/pages\/513\/revisions\/542"}],"up":[{"embeddable":true,"href":"https:\/\/www.jmjatlanta.com\/index.php\/wp-json\/wp\/v2\/pages\/493"}],"wp:attachment":[{"href":"https:\/\/www.jmjatlanta.com\/index.php\/wp-json\/wp\/v2\/media?parent=513"}],"curies":[{"name":"wp","href":"https:\/\/api.w.org\/{rel}","templated":true}]}}