{"id":571,"date":"2023-07-18T11:34:53","date_gmt":"2023-07-18T16:34:53","guid":{"rendered":"https:\/\/www.jmjatlanta.com\/?page_id=571"},"modified":"2023-08-06T16:56:57","modified_gmt":"2023-08-06T21:56:57","slug":"sobre-nosotros","status":"publish","type":"page","link":"https:\/\/www.jmjatlanta.com\/index.php\/sobre-nosotros\/","title":{"rendered":"Sobre Nosotros"},"content":{"rendered":"\n<p>John M. Jones<\/p>\n\n\n\n<p>Soy un desarrollador de software con demasiados a\u00f1os de experiencia para contar. Pas\u00e9 la mayor parte de mi tiempo escribiendo software para las industrias bancarias, financieras y de seguros. Ahora me volv\u00ed independiente y llegu\u00e9 a ser un poco m\u00e1s exigente con los proyectos en los que trabajo. Pero todav\u00eda parecen estar en torno a las finanzas. Supongo que algunas personas nunca aprenden.<\/p>\n\n\n\n<p>jmjatlanta est\u00e1 en todas partes   <a href=\"https:\/\/twitter.com\/jmjatlanta\"><img decoding=\"async\" width=\"50\" height=\"50\" class=\"wp-image-69\" style=\"width: 50px;\" src=\"https:\/\/www.jmjatlanta.com\/wp-content\/uploads\/2018\/09\/twitter.png\" alt=\"\"><\/a>     <a href=\"https:\/\/t.me\/jmjatlanta\"><img decoding=\"async\" width=\"50\" height=\"50\" class=\"wp-image-72\" style=\"width: 50px;\" src=\"https:\/\/www.jmjatlanta.com\/wp-content\/uploads\/2018\/09\/telegram.jpeg\" alt=\"\"><\/a>   <a href=\"https:\/\/keybase.io\/jmjatlanta\"><img decoding=\"async\" width=\"50\" height=\"46\" class=\"wp-image-70\" style=\"width: 50px;\" src=\"https:\/\/www.jmjatlanta.com\/wp-content\/uploads\/2018\/09\/keybase.png\" alt=\"\"><\/a>   <a href=\"https:\/\/instagram.com\/johnjones9456\"><img loading=\"lazy\" decoding=\"async\" width=\"50\" height=\"50\" class=\"wp-image-572\" style=\"width: 50px;\" src=\"https:\/\/www.jmjatlanta.com\/wp-content\/uploads\/2023\/07\/600px-Instagram_icon.webp\" alt=\"\" srcset=\"https:\/\/www.jmjatlanta.com\/wp-content\/uploads\/2023\/07\/600px-Instagram_icon.webp 600w, https:\/\/www.jmjatlanta.com\/wp-content\/uploads\/2023\/07\/600px-Instagram_icon-300x300.webp 300w, https:\/\/www.jmjatlanta.com\/wp-content\/uploads\/2023\/07\/600px-Instagram_icon-150x150.webp 150w\" sizes=\"(max-width: 50px) 100vw, 50px\" \/><\/a>     <a href=\"mailto:jmjatlanta@gmail.com\"><img loading=\"lazy\" decoding=\"async\" width=\"100\" height=\"56\" class=\"wp-image-68\" style=\"width: 100px;\" src=\"https:\/\/www.jmjatlanta.com\/wp-content\/uploads\/2018\/09\/gmail-1.png\" alt=\"\"><\/a>     Y m\u00e1s que se me olvida.<\/p>\n\n\n\n<p>La versi\u00f3n larga:<\/p>\n\n\n\n<p>Recib\u00ed mi primera computadora alrededor de 1982. Era una Timex-Sinclair 1500. Tom\u00e9 prestado el juego &#8220;Frogger&#8221; de un amigo, pero ese fue el \u00fanico juego que jugu\u00e9 en \u00e9l. Alguien m\u00e1s me dio el c\u00f3digo fuente de un procesador de textos, impreso en papel t\u00e9rmico para recibos. S\u00ed, lo has adivinado. Lo escrib\u00ed todo. Y s\u00ed, lo adivinaste, nunca funcion\u00f3. Pas\u00e9 una gran cantidad de tiempo depur\u00e1ndolo y aprend\u00ed mucho sobre la programaci\u00f3n B\u00c1SICA.<\/p>\n\n\n\n<p>Despu\u00e9s de cortar mucho c\u00e9sped, compr\u00e9 un Commodore 64 con unidad de disco. Ven\u00eda con un mont\u00f3n de juegos, que le prest\u00e9 a un amigo que ten\u00eda un Commodore 128 de doble disco. En un intento de copiar mis juegos, copi\u00f3 su disquete en blanco sobre mis juegos. Grrrr. Oh bien.<\/p>\n\n\n\n<p>Al copiar el programa de ensamblaje y suma de verificaci\u00f3n de la revista Byte, copi\u00e9 todos los programas interesantes en mi C64. Fue una gran manera de seguir jugando con Basic.<\/p>\n\n\n\n<p>Mis primeros trabajos fueron con el Commodore 64\/128. Inventario en una tienda familiar, seguimiento de clientes e impresi\u00f3n de informes mediante Filebase. Tiempos divertidos.<\/p>\n\n\n\n<p>Entonces, recog\u00ed dBase. Y en particular, Clipper. Fue entonces cuando pas\u00e9 a las &#8220;grandes ligas&#8221; y escrib\u00ed aplicaciones comerciales m\u00e1s serias. Cuando Clipper se desvaneci\u00f3, cambi\u00e9 al idioma de mis sue\u00f1os\u2026 &#8216;C&#8217;. Ahora estaba m\u00e1s cerca del metal. Pod\u00eda bloquear la computadora cuando quisiera. De &#8216;C&#8217; pas\u00e9 a Java y C#, trabajando dentro y fuera de C\/C++ a lo largo del camino. C++ es mi favorito y lo ha sido durante mucho tiempo.<\/p>\n\n\n\n<p>\u00bfQue sigue? No lo s\u00e9. Por ahora, estoy muy feliz trabajando en la industria financiera. Si o cuando eso cambie, espero recordar actualizar esta p\u00e1gina.<\/p>\n","protected":false},"excerpt":{"rendered":"<p>John M. Jones Soy un desarrollador de software con demasiados a\u00f1os de experiencia para contar. Pas\u00e9 la mayor parte de mi tiempo escribiendo software para las industrias bancarias, financieras y de seguros. Ahora me volv\u00ed independiente y llegu\u00e9 a ser un poco m\u00e1s exigente con los proyectos en los que trabajo. Pero todav\u00eda parecen estar [&hellip;]<\/p>\n","protected":false},"author":1,"featured_media":0,"parent":0,"menu_order":20,"comment_status":"closed","ping_status":"closed","template":"","meta":{"footnotes":""},"class_list":["post-571","page","type-page","status-publish","hentry"],"blocksy_meta":[],"_links":{"self":[{"href":"https:\/\/www.jmjatlanta.com\/index.php\/wp-json\/wp\/v2\/pages\/571","targetHints":{"allow":["GET"]}}],"collection":[{"href":"https:\/\/www.jmjatlanta.com\/index.php\/wp-json\/wp\/v2\/pages"}],"about":[{"href":"https:\/\/www.jmjatlanta.com\/index.php\/wp-json\/wp\/v2\/types\/page"}],"author":[{"embeddable":true,"href":"https:\/\/www.jmjatlanta.com\/index.php\/wp-json\/wp\/v2\/users\/1"}],"replies":[{"embeddable":true,"href":"https:\/\/www.jmjatlanta.com\/index.php\/wp-json\/wp\/v2\/comments?post=571"}],"version-history":[{"count":1,"href":"https:\/\/www.jmjatlanta.com\/index.php\/wp-json\/wp\/v2\/pages\/571\/revisions"}],"predecessor-version":[{"id":573,"href":"https:\/\/www.jmjatlanta.com\/index.php\/wp-json\/wp\/v2\/pages\/571\/revisions\/573"}],"wp:attachment":[{"href":"https:\/\/www.jmjatlanta.com\/index.php\/wp-json\/wp\/v2\/media?parent=571"}],"curies":[{"name":"wp","href":"https:\/\/api.w.org\/{rel}","templated":true}]}}